{"id":8,"date":"2018-09-18T11:04:42","date_gmt":"2018-09-18T11:04:42","guid":{"rendered":"http:\/\/impermisol.localhost\/?page_id=8"},"modified":"2022-11-29T11:38:19","modified_gmt":"2022-11-29T11:38:19","slug":"inicio","status":"publish","type":"page","link":"https:\/\/impermisol.pt\/","title":{"rendered":"In\u00edcio"},"content":{"rendered":"<div id=\"pl-8\"  class=\"panel-layout\" ><div id=\"pg-8-0\"  class=\"panel-grid panel-has-style\" ><div id=\"section_header\" class=\"panel-row-style panel-row-style-for-8-0\" ><div id=\"pgc-8-0-0\"  class=\"panel-grid-cell\" ><div id=\"panel-8-0-0-0\" class=\"so-panel widget widget_sow-hero panel-first-child panel-last-child\" data-index=\"0\" ><div id=\"widget-header\" class=\"panel-widget-style panel-widget-style-for-8-0-0-0\" ><div\n\t\t\t\n\t\t\tclass=\"so-widget-sow-hero so-widget-sow-hero-default-a6d62b1eb833-8 so-widget-fittext-wrapper\"\n\t\t\t data-fit-text-compressor=\"0.85\"\n\t\t>\t\t\t\t<div class=\"sow-slider-base\" style=\"display: none\" tabindex=\"0\">\n\t\t\t\t\t<ul\n\t\t\t\t\tclass=\"sow-slider-images\"\n\t\t\t\t\tdata-settings=\"{&quot;pagination&quot;:true,&quot;speed&quot;:800,&quot;timeout&quot;:1000,&quot;paused&quot;:false,&quot;pause_on_hover&quot;:false,&quot;swipe&quot;:true,&quot;nav_always_show_desktop&quot;:&quot;&quot;,&quot;nav_always_show_mobile&quot;:&quot;&quot;,&quot;breakpoint&quot;:&quot;780px&quot;,&quot;unmute&quot;:false,&quot;anchor&quot;:null}\"\n\t\t\t\t\tstyle=\"min-height: 100vh\"\t\t\t\t\tdata-anchor-id=\"\"\n\t\t\t\t>\t\t<li class=\"sow-slider-image  sow-slider-image-cover\" style=\"visibility: visible;;background-color: #000000\" >\n\t\t\t\t\t<div class=\"sow-slider-image-container\">\n\t\t\t<div class=\"sow-slider-image-wrapper\">\n\t\t\t\t<img loading=\"lazy\" decoding=\"async\" class=\"aligncenter wp-image-94 size-full\" src=\"http:\/\/impermisol.pt\/wp-content\/uploads\/2018\/10\/Artboard-1@3x-4.png\" alt=\"\" width=\"3072\" height=\"900\" style=\"max-width: 80%\" srcset=\"https:\/\/impermisol.pt\/wp-content\/uploads\/2018\/10\/Artboard-1@3x-4.png 3072w, https:\/\/impermisol.pt\/wp-content\/uploads\/2018\/10\/Artboard-1@3x-4-300x88.png 300w, https:\/\/impermisol.pt\/wp-content\/uploads\/2018\/10\/Artboard-1@3x-4-768x225.png 768w, https:\/\/impermisol.pt\/wp-content\/uploads\/2018\/10\/Artboard-1@3x-4-1024x300.png 1024w\" sizes=\"auto, (max-width: 3072px) 100vw, 3072px\" \/>\n<h1 style=\"text-align: center\">Impermeabiliza\u00e7\u00f5es e Isolamentos<\/h1>\t\t\t<\/div>\n\t\t<\/div>\n\t\t<div class=\"sow-slider-image-overlay sow-slider-image-cover\" style=\"opacity: 0.5;background-image: url(https:\/\/impermisol.pt\/wp-content\/uploads\/2018\/09\/devon-janse-van-rensburg-203404-unsplash-1.jpg)\"  ><\/div>\t\t<\/li>\n\t\t<\/ul>\t\t\t\t<ol class=\"sow-slider-pagination\">\n\t\t\t\t\t\t\t\t\t\t\t<li><a href=\"#\" data-goto=\"0\" aria-label=\"Display slide 1\"><\/a><\/li>\n\t\t\t\t\t\t\t\t\t<\/ol>\n\n\t\t\t\t<div class=\"sow-slide-nav sow-slide-nav-next\">\n\t\t\t\t\t<a href=\"#\" data-goto=\"next\" aria-label=\"Next slide\" data-action=\"next\">\n\t\t\t\t\t\t<em class=\"sow-sld-icon-thin-right\"><\/em>\n\t\t\t\t\t<\/a>\n\t\t\t\t<\/div>\n\n\t\t\t\t<div class=\"sow-slide-nav sow-slide-nav-prev\">\n\t\t\t\t\t<a href=\"#\" data-goto=\"previous\" aria-label=\"Previous slide\" data-action=\"prev\">\n\t\t\t\t\t\t<em class=\"sow-sld-icon-thin-left\"><\/em>\n\t\t\t\t\t<\/a>\n\t\t\t\t<\/div>\n\t\t\t\t<\/div><\/div><\/div><\/div><\/div><\/div><\/div><div id=\"pg-8-1\"  class=\"panel-grid panel-has-style\" ><div class=\"section_full_width padme panel-row-style panel-row-style-for-8-1\" id=\"offers\" ><div id=\"pgc-8-1-0\"  class=\"panel-grid-cell\" ><div id=\"panel-8-1-0-0\" class=\"so-panel widget widget_sow-editor panel-first-child\" data-index=\"1\" ><div\n\t\t\t\n\t\t\tclass=\"so-widget-sow-editor so-widget-sow-editor-base\"\n\t\t\t\n\t\t><h3 class=\"widget-title\">A nossa oferta<\/h3>\n<div class=\"siteorigin-widget-tinymce textwidget\">\n\t<\/div>\n<\/div><\/div><div id=\"panel-8-1-0-1\" class=\"so-panel widget widget_sow-features panel-last-child\" data-index=\"2\" ><div\n\t\t\t\n\t\t\tclass=\"so-widget-sow-features so-widget-sow-features-default-1e5540ab6b19-8\"\n\t\t\t\n\t\t><ul\n\tclass=\"sow-features-list\n\tsow-features-responsive\">\n\n\t\t\t<li\n\t\t\tclass=\"sow-features-feature sow-icon-container-position-top\"\n\t\t\tstyle=\"display: flex; flex-direction: column; width: calc(50% - 25px);\"\n\t\t>\n\t\t\t\n\t\t\t\t\t\t<div\t\t\t\tclass=\"sow-icon-container sow-container-round\"\n\t\t\t\tstyle=\"color: #404040; \"\n\t\t\t\ttitle=\"Reabilita\u00e7\u00e3o de Edif\u00edcios\"\n\t\t\t\t\t\t\t>\n\t\t\t\t<span class=\"sow-icon-typicons\" data-sow-icon=\"&#xe089;\"\n\t\tstyle=\"font-size: 24px; color: #ffffff\" \n\t\taria-hidden=\"true\"><\/span>\t\t\t<\/div>\n\n\t\t\t<div class=\"textwidget\">\n\t\t\t\t\n\t\t\t\t\t\t\t\t\t<h5 class=\"sow-features-feature-title\">\n\t\t\t\t\t\tReabilita\u00e7\u00e3o de Edif\u00edcios\t\t\t\t\t<\/h5>\n\t\t\t\t\n\t\t\t\t\t\t\t\t\t<div class=\"sow-features-feature-text\">\n\t\t\t\t\t<p>Isolamento t\u00e9rmico exterior<br \/>\nPintura<\/p>\t\t\t\t\t<\/div>\n\t\t\t\t\t\t\t\t<\/div>\n\t\t\t\t\t\t\t\t<\/li>\n\n\t\t\t<li\n\t\t\tclass=\"sow-features-feature sow-icon-container-position-top\"\n\t\t\tstyle=\"display: flex; flex-direction: column; width: calc(50% - 25px);\"\n\t\t>\n\t\t\t\n\t\t\t\t\t\t<div\t\t\t\tclass=\"sow-icon-container sow-container-round\"\n\t\t\t\tstyle=\"color: #404040; \"\n\t\t\t\ttitle=\"Piscinas e Lagos\"\n\t\t\t\t\t\t\t>\n\t\t\t\t<span class=\"sow-icon-ionicons\" data-sow-icon=\"&#xf3ce;\"\n\t\tstyle=\"font-size: 24px; color: #FFFFFF\" \n\t\taria-hidden=\"true\"><\/span>\t\t\t<\/div>\n\n\t\t\t<div class=\"textwidget\">\n\t\t\t\t\n\t\t\t\t\t\t\t\t\t<h5 class=\"sow-features-feature-title\">\n\t\t\t\t\t\tPiscinas e Lagos\t\t\t\t\t<\/h5>\n\t\t\t\t\n\t\t\t\t\t\t\t<\/div>\n\t\t\t\t\t\t\t\t<\/li>\n\n\t<\/ul>\n<\/div><\/div><\/div><\/div><\/div><div id=\"pg-8-2\"  class=\"panel-grid panel-has-style\" ><div class=\"padme dark panel-row-style panel-row-style-for-8-2\" id=\"works\" ><div id=\"pgc-8-2-0\"  class=\"panel-grid-cell\" ><div id=\"panel-8-2-0-0\" class=\"so-panel widget widget_sow-editor panel-first-child\" data-index=\"3\" ><div\n\t\t\t\n\t\t\tclass=\"so-widget-sow-editor so-widget-sow-editor-base\"\n\t\t\t\n\t\t><h3 class=\"widget-title\">Os Nossos Trabalhos<\/h3>\n<div class=\"siteorigin-widget-tinymce textwidget\">\n\t<\/div>\n<\/div><\/div><div id=\"panel-8-2-0-1\" class=\"so-panel widget widget_sow-editor panel-last-child\" data-index=\"4\" ><div\n\t\t\t\n\t\t\tclass=\"so-widget-sow-editor so-widget-sow-editor-base\"\n\t\t\t\n\t\t>\n<div class=\"siteorigin-widget-tinymce textwidget\">\n\t\n\t<div class=\"wppap-main-wrapper wpapap-clearfix\">\n\t\t<ul id=\"thumbs-1\" class=\"wppap-thumbs\" data-conf=\"{&quot;grid&quot;:3}\">\n\t\t\t\t<li class=\"thum-list\">\n\t\t\t\t\t<a data-mfp-src=\"#thumb1\" href=\"#\" class=\"wppap-thumbnail\" style=\"background-image: url('https:\/\/impermisol.pt\/wp-content\/uploads\/2018\/10\/DSC_0275.jpg')\">\n\t\t\t\t\t\t<span class=\"wppap-description\">Aplica\u00e7\u00e3o de Tela &#8211; Edificio Cruzeiro<\/span>\n\t\t\t\t\t<\/a>\n\t\t\t\t<\/li>\n\t\t\t\n\t\t\t\t<li class=\"thum-list\">\n\t\t\t\t\t<a data-mfp-src=\"#thumb2\" href=\"#\" class=\"wppap-thumbnail\" style=\"background-image: url('https:\/\/impermisol.pt\/wp-content\/uploads\/2018\/10\/D.-Jo\u00e3o-III-1-3-e1540395964325.jpg')\">\n\t\t\t\t\t\t<span class=\"wppap-description\">Reabilita\u00e7\u00e3o<\/span>\n\t\t\t\t\t<\/a>\n\t\t\t\t<\/li>\n\t\t\t\n\t\t\t\t<li class=\"thum-list\">\n\t\t\t\t\t<a data-mfp-src=\"#thumb3\" href=\"#\" class=\"wppap-thumbnail\" style=\"background-image: url('https:\/\/impermisol.pt\/wp-content\/uploads\/2018\/10\/Piscina-alfredo-6.jpg')\">\n\t\t\t\t\t\t<span class=\"wppap-description\">Piscina<\/span>\n\t\t\t\t\t<\/a>\n\t\t\t\t<\/li>\n\t\t\t\n\t\t\t\t<li class=\"thum-list\">\n\t\t\t\t\t<a data-mfp-src=\"#thumb4\" href=\"#\" class=\"wppap-thumbnail\" style=\"background-image: url('https:\/\/impermisol.pt\/wp-content\/uploads\/2018\/10\/lago-em-pvc-Mipoplast.jpg')\">\n\t\t\t\t\t\t<span class=\"wppap-description\">Lago em PVC<\/span>\n\t\t\t\t\t<\/a>\n\t\t\t\t<\/li>\n\t\t\t\n\t\t\t\t<li class=\"thum-list\">\n\t\t\t\t\t<a data-mfp-src=\"#thumb5\" href=\"#\" class=\"wppap-thumbnail\" style=\"background-image: url('https:\/\/impermisol.pt\/wp-content\/uploads\/2018\/10\/Rua-C\u00e2ndido-dos-Reis-8-1.jpg')\">\n\t\t\t\t\t\t<span class=\"wppap-description\">Telhado<\/span>\n\t\t\t\t\t<\/a>\n\t\t\t\t<\/li>\n\t\t\t\t\t<\/ul>\n\n\t\t<div class=\"wppap-portfolio-content\">\n\n\t\t\t\n\t\t\t\t<div id=\"thumb1\">\n\n\t\t\t\t\t\t\t\t\t\t<div class=\"wppap-medium-6 wppap-columns wppap-left-column\">\n\t\t\t\t\t\t<div class=\"wppap-slider-wrapper\">\n\t\t\t\t\t\t\t<div id=\"wppap-slider-1\" class=\"wpapap-portfolio-img-slider thumb5\" data-conf=\"{&quot;dots&quot;:&quot;true&quot;,&quot;arrows&quot;:&quot;true&quot;,&quot;effect&quot;:&quot;slide&quot;}\">\t\t\t\t\t\t\t\t\t<div class=\"portfolio-slide\">\n\t\t\t\t\t\t\t\t\t\t<img decoding=\"async\" src=\"https:\/\/impermisol.pt\/wp-content\/uploads\/2018\/10\/DSC_0281.jpg\" alt=\"\" \/>\n\t\t\t\t\t\t\t\t\t<\/div>\t\t\t\t\t\t\t\t\t<div class=\"portfolio-slide\">\n\t\t\t\t\t\t\t\t\t\t<img decoding=\"async\" src=\"https:\/\/impermisol.pt\/wp-content\/uploads\/2018\/10\/DSC_0275.jpg\" alt=\"\" \/>\n\t\t\t\t\t\t\t\t\t<\/div>\t\t\t\t\t\t\t<\/div>\n\t\t\t\t\t\t<\/div>\n\t\t\t\t\t<\/div>\n\t\t\t\t\t\t\t\t\t\t<div class=\"wppap-medium-6 wppap-columns wppap-right-column\">\n\t\t\t\t\t\t<div class=\"wppap-right-content\">\n\t\t\t\t\t\t\t\t\t\t\t\t\t\t\t<div class=\"wppap-title\">Aplica\u00e7\u00e3o de Tela &#8211; Edificio Cruzeiro<\/div>\n\t\t\t\t\t\t\t\t\t\t\t\t\t<\/div>\n\t\t\t\t\t<\/div>\n\t\t\t\t\t\t\t\t\t<\/div>\n\t\t\t \n\t\t\t\t<div id=\"thumb2\">\n\n\t\t\t\t\t\t\t\t\t\t<div class=\"wppap-medium-6 wppap-columns wppap-left-column\">\n\t\t\t\t\t\t<div class=\"wppap-slider-wrapper\">\n\t\t\t\t\t\t\t<div id=\"wppap-slider-2\" class=\"wpapap-portfolio-img-slider thumb5\" data-conf=\"{&quot;dots&quot;:&quot;true&quot;,&quot;arrows&quot;:&quot;true&quot;,&quot;effect&quot;:&quot;slide&quot;}\">\t\t\t\t\t\t\t\t\t<div class=\"portfolio-slide\">\n\t\t\t\t\t\t\t\t\t\t<img decoding=\"async\" src=\"https:\/\/impermisol.pt\/wp-content\/uploads\/2018\/10\/DSC00701.jpg\" alt=\"\" \/>\n\t\t\t\t\t\t\t\t\t<\/div>\t\t\t\t\t\t\t\t\t<div class=\"portfolio-slide\">\n\t\t\t\t\t\t\t\t\t\t<img decoding=\"async\" src=\"https:\/\/impermisol.pt\/wp-content\/uploads\/2018\/10\/DSC00700.jpg\" alt=\"\" \/>\n\t\t\t\t\t\t\t\t\t<\/div>\t\t\t\t\t\t\t\t\t<div class=\"portfolio-slide\">\n\t\t\t\t\t\t\t\t\t\t<img decoding=\"async\" src=\"https:\/\/impermisol.pt\/wp-content\/uploads\/2018\/10\/DSC00699.jpg\" alt=\"\" \/>\n\t\t\t\t\t\t\t\t\t<\/div>\t\t\t\t\t\t\t\t\t<div class=\"portfolio-slide\">\n\t\t\t\t\t\t\t\t\t\t<img decoding=\"async\" src=\"https:\/\/impermisol.pt\/wp-content\/uploads\/2018\/10\/DSC00706.jpg\" alt=\"\" \/>\n\t\t\t\t\t\t\t\t\t<\/div>\t\t\t\t\t\t\t\t\t<div class=\"portfolio-slide\">\n\t\t\t\t\t\t\t\t\t\t<img decoding=\"async\" src=\"https:\/\/impermisol.pt\/wp-content\/uploads\/2018\/10\/DSC_0637-1-e1540396381782.jpg\" alt=\"\" \/>\n\t\t\t\t\t\t\t\t\t<\/div>\t\t\t\t\t\t\t\t\t<div class=\"portfolio-slide\">\n\t\t\t\t\t\t\t\t\t\t<img decoding=\"async\" src=\"https:\/\/impermisol.pt\/wp-content\/uploads\/2018\/10\/DSC_0634-e1540396357451.jpg\" alt=\"\" \/>\n\t\t\t\t\t\t\t\t\t<\/div>\t\t\t\t\t\t\t\t\t<div class=\"portfolio-slide\">\n\t\t\t\t\t\t\t\t\t\t<img decoding=\"async\" src=\"https:\/\/impermisol.pt\/wp-content\/uploads\/2018\/10\/DSC_0633.jpg\" alt=\"\" \/>\n\t\t\t\t\t\t\t\t\t<\/div>\t\t\t\t\t\t\t\t\t<div class=\"portfolio-slide\">\n\t\t\t\t\t\t\t\t\t\t<img decoding=\"async\" src=\"https:\/\/impermisol.pt\/wp-content\/uploads\/2018\/10\/DSC_0632.jpg\" alt=\"\" \/>\n\t\t\t\t\t\t\t\t\t<\/div>\t\t\t\t\t\t\t\t\t<div class=\"portfolio-slide\">\n\t\t\t\t\t\t\t\t\t\t<img decoding=\"async\" src=\"https:\/\/impermisol.pt\/wp-content\/uploads\/2018\/10\/DSC_0638.jpg\" alt=\"\" \/>\n\t\t\t\t\t\t\t\t\t<\/div>\t\t\t\t\t\t\t\t\t<div class=\"portfolio-slide\">\n\t\t\t\t\t\t\t\t\t\t<img decoding=\"async\" src=\"https:\/\/impermisol.pt\/wp-content\/uploads\/2018\/10\/DSC_0643.jpg\" alt=\"\" \/>\n\t\t\t\t\t\t\t\t\t<\/div>\t\t\t\t\t\t\t<\/div>\n\t\t\t\t\t\t<\/div>\n\t\t\t\t\t<\/div>\n\t\t\t\t\t\t\t\t\t\t<div class=\"wppap-medium-6 wppap-columns wppap-right-column\">\n\t\t\t\t\t\t<div class=\"wppap-right-content\">\n\t\t\t\t\t\t\t\t\t\t\t\t\t\t\t<div class=\"wppap-title\">Reabilita\u00e7\u00e3o<\/div>\n\t\t\t\t\t\t\t\t\t\t\t\t\t<\/div>\n\t\t\t\t\t<\/div>\n\t\t\t\t\t\t\t\t\t<\/div>\n\t\t\t \n\t\t\t\t<div id=\"thumb3\">\n\n\t\t\t\t\t\t\t\t\t\t<div class=\"wppap-medium-6 wppap-columns wppap-left-column\">\n\t\t\t\t\t\t<div class=\"wppap-slider-wrapper\">\n\t\t\t\t\t\t\t<div id=\"wppap-slider-3\" class=\"wpapap-portfolio-img-slider thumb5\" data-conf=\"{&quot;dots&quot;:&quot;true&quot;,&quot;arrows&quot;:&quot;true&quot;,&quot;effect&quot;:&quot;slide&quot;}\">\t\t\t\t\t\t\t\t\t<div class=\"portfolio-slide\">\n\t\t\t\t\t\t\t\t\t\t<img decoding=\"async\" src=\"https:\/\/impermisol.pt\/wp-content\/uploads\/2018\/10\/Piscina-alfredo-3.jpg\" alt=\"\" \/>\n\t\t\t\t\t\t\t\t\t<\/div>\t\t\t\t\t\t\t\t\t<div class=\"portfolio-slide\">\n\t\t\t\t\t\t\t\t\t\t<img decoding=\"async\" src=\"https:\/\/impermisol.pt\/wp-content\/uploads\/2018\/10\/Piscina-alfredo-6.jpg\" alt=\"\" \/>\n\t\t\t\t\t\t\t\t\t<\/div>\t\t\t\t\t\t\t\t\t<div class=\"portfolio-slide\">\n\t\t\t\t\t\t\t\t\t\t<img decoding=\"async\" src=\"https:\/\/impermisol.pt\/wp-content\/uploads\/2018\/10\/Piscina-alfredo-5.jpg\" alt=\"\" \/>\n\t\t\t\t\t\t\t\t\t<\/div>\t\t\t\t\t\t\t\t\t<div class=\"portfolio-slide\">\n\t\t\t\t\t\t\t\t\t\t<img decoding=\"async\" src=\"https:\/\/impermisol.pt\/wp-content\/uploads\/2018\/10\/DSC_0160.jpg\" alt=\"Piscina Pedrulha - 1\u00aa. fase\" \/>\n\t\t\t\t\t\t\t\t\t<\/div>\t\t\t\t\t\t\t\t\t<div class=\"portfolio-slide\">\n\t\t\t\t\t\t\t\t\t\t<img decoding=\"async\" src=\"https:\/\/impermisol.pt\/wp-content\/uploads\/2018\/10\/DSC_0162.jpg\" alt=\"Piscina Pedrulha - Tela colocada por soldar\" \/>\n\t\t\t\t\t\t\t\t\t<\/div>\t\t\t\t\t\t\t\t\t<div class=\"portfolio-slide\">\n\t\t\t\t\t\t\t\t\t\t<img decoding=\"async\" src=\"https:\/\/impermisol.pt\/wp-content\/uploads\/2018\/10\/DSC_0169.jpg\" alt=\"Piscina Pedrulha - Trabalho Final\" \/>\n\t\t\t\t\t\t\t\t\t<\/div>\t\t\t\t\t\t\t<\/div>\n\t\t\t\t\t\t<\/div>\n\t\t\t\t\t<\/div>\n\t\t\t\t\t\t\t\t\t\t<div class=\"wppap-medium-6 wppap-columns wppap-right-column\">\n\t\t\t\t\t\t<div class=\"wppap-right-content\">\n\t\t\t\t\t\t\t\t\t\t\t\t\t\t\t<div class=\"wppap-title\">Piscina<\/div>\n\t\t\t\t\t\t\t\t\t\t\t\t\t<\/div>\n\t\t\t\t\t<\/div>\n\t\t\t\t\t\t\t\t\t<\/div>\n\t\t\t \n\t\t\t\t<div id=\"thumb4\">\n\n\t\t\t\t\t\t\t\t\t\t<div class=\"wppap-medium-6 wppap-columns wppap-left-column\">\n\t\t\t\t\t\t<div class=\"wppap-slider-wrapper\">\n\t\t\t\t\t\t\t<div id=\"wppap-slider-4\" class=\"wpapap-portfolio-img-slider thumb5\" data-conf=\"{&quot;dots&quot;:&quot;true&quot;,&quot;arrows&quot;:&quot;true&quot;,&quot;effect&quot;:&quot;slide&quot;}\">\t\t\t\t\t\t\t\t\t<div class=\"portfolio-slide\">\n\t\t\t\t\t\t\t\t\t\t<img decoding=\"async\" src=\"https:\/\/impermisol.pt\/wp-content\/uploads\/2018\/10\/lago-em-pvc-Mipoplast.jpg\" alt=\"\" \/>\n\t\t\t\t\t\t\t\t\t<\/div>\t\t\t\t\t\t\t\t\t<div class=\"portfolio-slide\">\n\t\t\t\t\t\t\t\t\t\t<img decoding=\"async\" src=\"https:\/\/impermisol.pt\/wp-content\/uploads\/2018\/10\/LlAGO-EM-PVC-OLIVEIRA-FRADES-e1540396191247.jpg\" alt=\"\" \/>\n\t\t\t\t\t\t\t\t\t<\/div>\t\t\t\t\t\t\t\t\t<div class=\"portfolio-slide\">\n\t\t\t\t\t\t\t\t\t\t<img decoding=\"async\" src=\"https:\/\/impermisol.pt\/wp-content\/uploads\/2018\/10\/lago-em-pvc-Mipoplast-2.jpg\" alt=\"\" \/>\n\t\t\t\t\t\t\t\t\t<\/div>\t\t\t\t\t\t\t<\/div>\n\t\t\t\t\t\t<\/div>\n\t\t\t\t\t<\/div>\n\t\t\t\t\t\t\t\t\t\t<div class=\"wppap-medium-6 wppap-columns wppap-right-column\">\n\t\t\t\t\t\t<div class=\"wppap-right-content\">\n\t\t\t\t\t\t\t\t\t\t\t\t\t\t\t<div class=\"wppap-title\">Lago em PVC<\/div>\n\t\t\t\t\t\t\t\t\t\t\t\t\t<\/div>\n\t\t\t\t\t<\/div>\n\t\t\t\t\t\t\t\t\t<\/div>\n\t\t\t \n\t\t\t\t<div id=\"thumb5\">\n\n\t\t\t\t\t\t\t\t\t\t<div class=\"wppap-medium-6 wppap-columns wppap-left-column\">\n\t\t\t\t\t\t<div class=\"wppap-slider-wrapper\">\n\t\t\t\t\t\t\t<div id=\"wppap-slider-5\" class=\"wpapap-portfolio-img-slider thumb5\" data-conf=\"{&quot;dots&quot;:&quot;true&quot;,&quot;arrows&quot;:&quot;true&quot;,&quot;effect&quot;:&quot;slide&quot;}\">\t\t\t\t\t\t\t\t\t<div class=\"portfolio-slide\">\n\t\t\t\t\t\t\t\t\t\t<img decoding=\"async\" src=\"https:\/\/impermisol.pt\/wp-content\/uploads\/2018\/10\/Rua-Candido-dos-Reis.jpg\" alt=\"\" \/>\n\t\t\t\t\t\t\t\t\t<\/div>\t\t\t\t\t\t\t<\/div>\n\t\t\t\t\t\t<\/div>\n\t\t\t\t\t<\/div>\n\t\t\t\t\t\t\t\t\t\t<div class=\"wppap-medium-6 wppap-columns wppap-right-column\">\n\t\t\t\t\t\t<div class=\"wppap-right-content\">\n\t\t\t\t\t\t\t\t\t\t\t\t\t\t\t<div class=\"wppap-title\">Telhado<\/div>\n\t\t\t\t\t\t\t\t\t\t\t\t\t<\/div>\n\t\t\t\t\t<\/div>\n\t\t\t\t\t\t\t\t\t<\/div>\n\t\t\t \t\t<\/div>\n\t<\/div>\n\t\n<\/div>\n<\/div><\/div><\/div><\/div><\/div><div id=\"pg-8-3\"  class=\"panel-grid panel-has-style\" ><div class=\"section padme darker panel-row-style panel-row-style-for-8-3\" id=\"contacts\" ><div id=\"pgc-8-3-0\"  class=\"panel-grid-cell\" ><div id=\"panel-8-3-0-0\" class=\"so-panel widget widget_sow-editor panel-first-child\" data-index=\"5\" ><div\n\t\t\t\n\t\t\tclass=\"so-widget-sow-editor so-widget-sow-editor-base\"\n\t\t\t\n\t\t><h3 class=\"widget-title\">Contatos<\/h3>\n<div class=\"siteorigin-widget-tinymce textwidget\">\n\t<\/div>\n<\/div><\/div><div id=\"panel-8-3-0-1\" class=\"so-panel widget widget_sow-editor panel-last-child\" data-index=\"6\" ><div\n\t\t\t\n\t\t\tclass=\"so-widget-sow-editor so-widget-sow-editor-base\"\n\t\t\t\n\t\t>\n<div class=\"siteorigin-widget-tinymce textwidget\">\n\t<table>\n<tbody>\n<tr>\n<td><i class=\"fa fa-phone \" ><\/i><br \/>\n<i class=\"fa fa-fax \" ><\/i><\/td>\n<td>tel +351 239 492 010 <span style=\"font-size: 8pt;\">(Chamada para a rede fixa nacional)<\/span><br \/>\nfax +351 239 494 242 <span style=\"font-size: 8pt;\">(Chamada para a rede fixa nacional)<\/span><\/td>\n<\/tr>\n<tr>\n<td><i class=\"fa fa-map-marker \" ><\/i><\/td>\n<td>Monte da Romeira - Armaz\u00e9m n\u00ba 7<br \/>\nEstrada de Eiras<br \/>\n3020-264 Coimbra<\/td>\n<\/tr>\n<tr>\n<td><i class=\"fa fa-clock-o \" ><\/i><\/td>\n<td>8:00-12:30 \u25cf 14:30-18:00<\/td>\n<\/tr>\n<tr>\n<td><i class=\"fa fa-envelope \" ><\/i><\/td>\n<td><a href=\"mailto:impermisol@mail.telepac.pt\" target=\"_blank\" rel=\"noopener\">impermisol@mail.telepac.pt<\/a><\/td>\n<\/tr>\n<\/tbody>\n<\/table>\n<div id=\"simple-translate\" class=\"simple-translate-system-theme\">\n<div>\n<div class=\"simple-translate-button isShow\" style=\"background-image: url('moz-extension:\/\/ebc7c5c1-022f-45dd-b76c-94353c9a9efd\/icons\/512.png'); height: 22px; width: 22px; top: 100px; left: 574px;\"><\/div>\n<div class=\"simple-translate-panel \" style=\"width: 300px; height: 200px; top: 0px; left: 0px; font-size: 13px;\">\n<div class=\"simple-translate-result-wrapper\" style=\"overflow: hidden;\">\n<div class=\"simple-translate-move\" draggable=\"true\"><\/div>\n<div class=\"simple-translate-result-contents\">\n<p class=\"simple-translate-candidate\" dir=\"auto\">\n<\/div>\n<\/div>\n<\/div>\n<\/div>\n<\/div>\n<\/div>\n<\/div><\/div><\/div><\/div><\/div><\/div>","protected":false},"excerpt":{"rendered":"<p>Impermeabiliza\u00e7\u00f5es e Isolamentos A nossa oferta Reabilita\u00e7\u00e3o de Edif\u00edcios Isolamento t\u00e9rmico exterior Pintura Piscinas e Lagos Os Nossos Trabalhos Aplica\u00e7\u00e3o de Tela &#8211; Edificio Cruzeiro Reabilita\u00e7\u00e3o Piscina Lago em PVC Telhado Aplica\u00e7\u00e3o de Tela &#8211; Edificio Cruzeiro Reabilita\u00e7\u00e3o Piscina Lago em PVC Telhado Contatos tel +351 239 492 010 (Chamada para a rede fixa nacional) [&hellip;]<\/p>\n","protected":false},"author":1,"featured_media":0,"parent":0,"menu_order":0,"comment_status":"closed","ping_status":"closed","template":"","meta":{"footnotes":""},"class_list":["post-8","page","type-page","status-publish","hentry","post"],"_links":{"self":[{"href":"https:\/\/impermisol.pt\/index.php\/wp-json\/wp\/v2\/pages\/8","targetHints":{"allow":["GET"]}}],"collection":[{"href":"https:\/\/impermisol.pt\/index.php\/wp-json\/wp\/v2\/pages"}],"about":[{"href":"https:\/\/impermisol.pt\/index.php\/wp-json\/wp\/v2\/types\/page"}],"author":[{"embeddable":true,"href":"https:\/\/impermisol.pt\/index.php\/wp-json\/wp\/v2\/users\/1"}],"replies":[{"embeddable":true,"href":"https:\/\/impermisol.pt\/index.php\/wp-json\/wp\/v2\/comments?post=8"}],"version-history":[{"count":82,"href":"https:\/\/impermisol.pt\/index.php\/wp-json\/wp\/v2\/pages\/8\/revisions"}],"predecessor-version":[{"id":186,"href":"https:\/\/impermisol.pt\/index.php\/wp-json\/wp\/v2\/pages\/8\/revisions\/186"}],"wp:attachment":[{"href":"https:\/\/impermisol.pt\/index.php\/wp-json\/wp\/v2\/media?parent=8"}],"curies":[{"name":"wp","href":"https:\/\/api.w.org\/{rel}","templated":true}]}}